{"id":70,"date":"2022-03-28T14:12:22","date_gmt":"2022-03-28T12:12:22","guid":{"rendered":"https:\/\/kinemarie.be\/fr\/?page_id=70"},"modified":"2023-06-17T14:31:26","modified_gmt":"2023-06-17T12:31:26","slug":"marie-laure","status":"publish","type":"page","link":"https:\/\/kinemarie.be\/fr\/marie-laure\/","title":{"rendered":"Marie-Laure"},"content":{"rendered":"\t\t<div data-elementor-type=\"wp-page\" data-elementor-id=\"70\" class=\"elementor elementor-70\">\n\t\t\t\t\t\t<section class=\"elementor-section elementor-top-section elementor-element elementor-element-fb284fc elementor-section-boxed elementor-section-height-default elementor-section-height-default\" data-id=\"fb284fc\" data-element_type=\"section\" data-e-type=\"section\" data-settings=\"{&quot;background_background&quot;:&quot;classic&quot;}\">\n\t\t\t\t\t\t<div class=\"elementor-container elementor-column-gap-default\">\n\t\t\t\t\t<div class=\"elementor-column elementor-col-100 elementor-top-column elementor-element elementor-element-f2bbfc7\" data-id=\"f2bbfc7\" data-element_type=\"column\" data-e-type=\"column\">\n\t\t\t<div class=\"elementor-widget-wrap elementor-element-populated\">\n\t\t\t\t\t\t<div class=\"elementor-element elementor-element-f3eb27f elementor-widget elementor-widget-heading\" data-id=\"f3eb27f\" data-element_type=\"widget\" data-e-type=\"widget\" data-widget_type=\"heading.default\">\n\t\t\t\t<div class=\"elementor-widget-container\">\n\t\t\t\t\t<h2 class=\"elementor-heading-title elementor-size-default\">Marie-Laure Sibret<\/h2>\t\t\t\t<\/div>\n\t\t\t\t<\/div>\n\t\t\t\t<div class=\"elementor-element elementor-element-1528542 elementor-widget elementor-widget-text-editor\" data-id=\"1528542\" data-element_type=\"widget\" data-e-type=\"widget\" data-widget_type=\"text-editor.default\">\n\t\t\t\t<div class=\"elementor-widget-container\">\n\t\t\t\t\t\t\t\t\t<p>En fonction du traitement dont vous avez besoin, vous serez redirig\u00e9 vers le kin\u00e9sith\u00e9rapeute le plus apte \u00e0 vous soulager. Ceci afin de vous garantir (\u00e0 vous ou votre enfant) un traitement optimal.<\/p>\n<p>Marie-Laure Sibret a obtenu sa ma\u00eetrise en kin\u00e9sith\u00e9rapie et science de la revalidation en 2016 \u00e0 la Vrije Universiteit de Bruxelles (VUB), avec une sp\u00e9cialisation interuniversitaire en pathologies internes.<\/p>\n<p>Pendant ses \u00e9tudes, Marie-Laure s&rsquo;est particuli\u00e8rement int\u00e9ress\u00e9e \u00e0 la kin\u00e9sith\u00e9rapie respiratoire. Elle a suivi diverses formations (entre autre chez Jean Chevaillier, le fondateur du drainage autog\u00e8ne), des stages en Belgique et \u00e0 l&rsquo;\u00e9tranger et a \u00e9crit son m\u00e9moire dans le domaine de la kin\u00e9sith\u00e9rapie respiratoire.&nbsp;<span style=\"color: var( --e-global-color-text );font-family: var( --e-global-typography-text-font-family ), Sans-serif;font-weight: var( --e-global-typography-text-font-weight );font-size: 1rem\">A ses d\u00e9buts, elle a travaill\u00e9 \u00e0 l&rsquo;UZ de Bruxelles, au Centre respiratoire de Jette, ainsi qu&rsquo;\u00e0 la MS Clinique. En 2017, Marie-Laure a ouvert son cabinet Kine Marie sp\u00e9cialis\u00e9 dans le traitement des patients ayant des probl\u00e8mes respiratoires. Marie-Laure a particip\u00e9 \u00e0 de la recherche dans le domaine de la kin\u00e9sith\u00e9rapie respiratoire et a enseign\u00e9 pendant 6 ans \u00e0 un niveau universitaire.&nbsp;<\/span><\/p>\n<p>Nr-INAMI: 5\/53257\/31\/527<br>Nr-CBE: 0663795744<br>Assurance: Axa<br>Non-conventionn\u00e9<\/p>\t\t\t\t\t\t\t\t<\/div>\n\t\t\t\t<\/div>\n\t\t\t\t<div class=\"elementor-element elementor-element-22e13b8 elementor-widget elementor-widget-spacer\" data-id=\"22e13b8\" data-element_type=\"widget\" data-e-type=\"widget\" data-widget_type=\"spacer.default\">\n\t\t\t\t<div class=\"elementor-widget-container\">\n\t\t\t\t\t\t\t<div class=\"elementor-spacer\">\n\t\t\t<div class=\"elementor-spacer-inner\"><\/div>\n\t\t<\/div>\n\t\t\t\t\t\t<\/div>\n\t\t\t\t<\/div>\n\t\t\t\t<div class=\"elementor-element elementor-element-3ce4741 elementor-alert-info elementor-widget elementor-widget-alert\" data-id=\"3ce4741\" data-element_type=\"widget\" data-e-type=\"widget\" data-widget_type=\"alert.default\">\n\t\t\t\t<div class=\"elementor-widget-container\">\n\t\t\t\t\t\t\t<div class=\"elementor-alert\" role=\"alert\">\n\n\t\t\t\t\t\t<span class=\"elementor-alert-title\">Attention!<\/span>\n\t\t\t\n\t\t\t\t\t\t<span class=\"elementor-alert-description\">S'il s'av\u00e8re qu'il ne reste plus de disponibilit\u00e9s en ligne, il est toujours possible de nous joindre par t\u00e9l\u00e9phone: 0487\/46.36.89<\/span>\n\t\t\t\n\t\t\t\t\t\t<button type=\"button\" class=\"elementor-alert-dismiss\" aria-label=\"Ignorer cette alerte.\">\n\t\t\t\t\t\t\t\t\t<span aria-hidden=\"true\">&times;<\/span>\n\t\t\t\t\t\t\t<\/button>\n\t\t\t\n\t\t<\/div>\n\t\t\t\t\t\t<\/div>\n\t\t\t\t<\/div>\n\t\t\t\t<div class=\"elementor-element elementor-element-d376919 elementor-widget elementor-widget-html\" data-id=\"d376919\" data-element_type=\"widget\" data-e-type=\"widget\" data-widget_type=\"html.default\">\n\t\t\t\t<div class=\"elementor-widget-container\">\n\t\t\t\t\twindow.addEventListener &amp;&amp; window.addEventListener(\"message\", function(event){if (event.origin === \"https:\/\/kinemarie.youcanbook.me\"){document.getElementById(\"ycbmiframekinemarie\").style.height = event.data + \"px\";}}, false);\t\t\t\t<\/div>\n\t\t\t\t<\/div>\n\t\t\t\t\t<\/div>\n\t\t<\/div>\n\t\t\t\t\t<\/div>\n\t\t<\/section>\n\t\t\t\t<\/div>\n\t\t","protected":false},"excerpt":{"rendered":"<p>\/*! elementor &#8211; v3.13.3 &#8211; 28-05-2023 *\/ .elementor-heading-title{padding:0;margin:0;line-height:1}.elementor-widget-heading .elementor-heading-title[class*=elementor-size-]&gt;a{color:inherit;font-size:inherit;line-height:inherit}.elementor-widget-heading .elementor-heading-title.elementor-size-small{font-size:15px}.elementor-widget-heading .elementor-heading-title.elementor-size-medium{font-size:19px}.elementor-widget-heading .elementor-heading-title.elementor-size-large{font-size:29px}.elementor-widget-heading .elementor-heading-title.elementor-size-xl{font-size:39px}.elementor-widget-heading .elementor-heading-title.elementor-size-xxl{font-size:59px} Marie-Laure Sibret En fonction du traitement dont vous avez besoin, vous serez redirig\u00e9 vers le kin\u00e9sith\u00e9rapeute le plus apte \u00e0 vous soulager. Ceci afin de vous garantir (\u00e0 vous ou votre enfant) un traitement optimal. Marie-Laure Sibret a obtenu sa ma\u00eetrise [&hellip;]<\/p>\n","protected":false},"author":1,"featured_media":0,"parent":0,"menu_order":0,"comment_status":"closed","ping_status":"closed","template":"elementor_header_footer","meta":{"footnotes":""},"class_list":["post-70","page","type-page","status-publish","hentry"],"yoast_head":"<!-- This site is optimized with the Yoast SEO plugin v26.0 - https:\/\/yoast.com\/wordpress\/plugins\/seo\/ -->\n<title>Marie-Laure - KineMarie - Fran\u00e7ais<\/title>\n<meta name=\"robots\" content=\"index, follow, max-snippet:-1, max-image-preview:large, max-video-preview:-1\" \/>\n<link rel=\"canonical\" href=\"https:\/\/kinemarie.be\/fr\/marie-laure\/\" \/>\n<meta property=\"og:locale\" content=\"fr_FR\" \/>\n<meta property=\"og:type\" content=\"article\" \/>\n<meta property=\"og:title\" content=\"Marie-Laure - KineMarie - Fran\u00e7ais\" \/>\n<meta property=\"og:description\" content=\"\/*! elementor &#8211; v3.13.3 &#8211; 28-05-2023 *\/ .elementor-heading-title{padding:0;margin:0;line-height:1}.elementor-widget-heading .elementor-heading-title[class*=elementor-size-]&gt;a{color:inherit;font-size:inherit;line-height:inherit}.elementor-widget-heading .elementor-heading-title.elementor-size-small{font-size:15px}.elementor-widget-heading .elementor-heading-title.elementor-size-medium{font-size:19px}.elementor-widget-heading .elementor-heading-title.elementor-size-large{font-size:29px}.elementor-widget-heading .elementor-heading-title.elementor-size-xl{font-size:39px}.elementor-widget-heading .elementor-heading-title.elementor-size-xxl{font-size:59px} Marie-Laure Sibret En fonction du traitement dont vous avez besoin, vous serez redirig\u00e9 vers le kin\u00e9sith\u00e9rapeute le plus apte \u00e0 vous soulager. Ceci afin de vous garantir (\u00e0 vous ou votre enfant) un traitement optimal. Marie-Laure Sibret a obtenu sa ma\u00eetrise [&hellip;]\" \/>\n<meta property=\"og:url\" content=\"https:\/\/kinemarie.be\/fr\/marie-laure\/\" \/>\n<meta property=\"og:site_name\" content=\"KineMarie - Fran\u00e7ais\" \/>\n<meta property=\"article:modified_time\" content=\"2023-06-17T12:31:26+00:00\" \/>\n<meta name=\"twitter:card\" content=\"summary_large_image\" \/>\n<meta name=\"twitter:label1\" content=\"Dur\u00e9e de lecture estim\u00e9e\" \/>\n\t<meta name=\"twitter:data1\" content=\"3 minutes\" \/>\n<script type=\"application\/ld+json\" class=\"yoast-schema-graph\">{\"@context\":\"https:\/\/schema.org\",\"@graph\":[{\"@type\":\"WebPage\",\"@id\":\"https:\/\/kinemarie.be\/fr\/marie-laure\/\",\"url\":\"https:\/\/kinemarie.be\/fr\/marie-laure\/\",\"name\":\"Marie-Laure - KineMarie - Fran\u00e7ais\",\"isPartOf\":{\"@id\":\"https:\/\/kinemarie.be\/fr\/#website\"},\"datePublished\":\"2022-03-28T12:12:22+00:00\",\"dateModified\":\"2023-06-17T12:31:26+00:00\",\"breadcrumb\":{\"@id\":\"https:\/\/kinemarie.be\/fr\/marie-laure\/#breadcrumb\"},\"inLanguage\":\"fr-FR\",\"potentialAction\":[{\"@type\":\"ReadAction\",\"target\":[\"https:\/\/kinemarie.be\/fr\/marie-laure\/\"]}]},{\"@type\":\"BreadcrumbList\",\"@id\":\"https:\/\/kinemarie.be\/fr\/marie-laure\/#breadcrumb\",\"itemListElement\":[{\"@type\":\"ListItem\",\"position\":1,\"name\":\"Accueil\",\"item\":\"https:\/\/kinemarie.be\/fr\/\"},{\"@type\":\"ListItem\",\"position\":2,\"name\":\"Marie-Laure\"}]},{\"@type\":\"WebSite\",\"@id\":\"https:\/\/kinemarie.be\/fr\/#website\",\"url\":\"https:\/\/kinemarie.be\/fr\/\",\"name\":\"KineMarie - Fran\u00e7ais\",\"description\":\"Kin\u00e9sith\u00e9rapie respiratoire\",\"publisher\":{\"@id\":\"https:\/\/kinemarie.be\/fr\/#organization\"},\"potentialAction\":[{\"@type\":\"SearchAction\",\"target\":{\"@type\":\"EntryPoint\",\"urlTemplate\":\"https:\/\/kinemarie.be\/fr\/?s={search_term_string}\"},\"query-input\":{\"@type\":\"PropertyValueSpecification\",\"valueRequired\":true,\"valueName\":\"search_term_string\"}}],\"inLanguage\":\"fr-FR\"},{\"@type\":\"Organization\",\"@id\":\"https:\/\/kinemarie.be\/fr\/#organization\",\"name\":\"KineMarie - Fran\u00e7ais\",\"url\":\"https:\/\/kinemarie.be\/fr\/\",\"logo\":{\"@type\":\"ImageObject\",\"inLanguage\":\"fr-FR\",\"@id\":\"https:\/\/kinemarie.be\/fr\/#\/schema\/logo\/image\/\",\"url\":\"https:\/\/kinemarie.be\/fr\/wp-content\/uploads\/sites\/4\/2022\/03\/Kinemarie-banner.png\",\"contentUrl\":\"https:\/\/kinemarie.be\/fr\/wp-content\/uploads\/sites\/4\/2022\/03\/Kinemarie-banner.png\",\"width\":1129,\"height\":468,\"caption\":\"KineMarie - Fran\u00e7ais\"},\"image\":{\"@id\":\"https:\/\/kinemarie.be\/fr\/#\/schema\/logo\/image\/\"}}]}<\/script>\n<!-- \/ Yoast SEO plugin. -->","yoast_head_json":{"title":"Marie-Laure - KineMarie - Fran\u00e7ais","robots":{"index":"index","follow":"follow","max-snippet":"max-snippet:-1","max-image-preview":"max-image-preview:large","max-video-preview":"max-video-preview:-1"},"canonical":"https:\/\/kinemarie.be\/fr\/marie-laure\/","og_locale":"fr_FR","og_type":"article","og_title":"Marie-Laure - KineMarie - Fran\u00e7ais","og_description":"\/*! elementor &#8211; v3.13.3 &#8211; 28-05-2023 *\/ .elementor-heading-title{padding:0;margin:0;line-height:1}.elementor-widget-heading .elementor-heading-title[class*=elementor-size-]&gt;a{color:inherit;font-size:inherit;line-height:inherit}.elementor-widget-heading .elementor-heading-title.elementor-size-small{font-size:15px}.elementor-widget-heading .elementor-heading-title.elementor-size-medium{font-size:19px}.elementor-widget-heading .elementor-heading-title.elementor-size-large{font-size:29px}.elementor-widget-heading .elementor-heading-title.elementor-size-xl{font-size:39px}.elementor-widget-heading .elementor-heading-title.elementor-size-xxl{font-size:59px} Marie-Laure Sibret En fonction du traitement dont vous avez besoin, vous serez redirig\u00e9 vers le kin\u00e9sith\u00e9rapeute le plus apte \u00e0 vous soulager. Ceci afin de vous garantir (\u00e0 vous ou votre enfant) un traitement optimal. Marie-Laure Sibret a obtenu sa ma\u00eetrise [&hellip;]","og_url":"https:\/\/kinemarie.be\/fr\/marie-laure\/","og_site_name":"KineMarie - Fran\u00e7ais","article_modified_time":"2023-06-17T12:31:26+00:00","twitter_card":"summary_large_image","twitter_misc":{"Dur\u00e9e de lecture estim\u00e9e":"3 minutes"},"schema":{"@context":"https:\/\/schema.org","@graph":[{"@type":"WebPage","@id":"https:\/\/kinemarie.be\/fr\/marie-laure\/","url":"https:\/\/kinemarie.be\/fr\/marie-laure\/","name":"Marie-Laure - KineMarie - Fran\u00e7ais","isPartOf":{"@id":"https:\/\/kinemarie.be\/fr\/#website"},"datePublished":"2022-03-28T12:12:22+00:00","dateModified":"2023-06-17T12:31:26+00:00","breadcrumb":{"@id":"https:\/\/kinemarie.be\/fr\/marie-laure\/#breadcrumb"},"inLanguage":"fr-FR","potentialAction":[{"@type":"ReadAction","target":["https:\/\/kinemarie.be\/fr\/marie-laure\/"]}]},{"@type":"BreadcrumbList","@id":"https:\/\/kinemarie.be\/fr\/marie-laure\/#breadcrumb","itemListElement":[{"@type":"ListItem","position":1,"name":"Accueil","item":"https:\/\/kinemarie.be\/fr\/"},{"@type":"ListItem","position":2,"name":"Marie-Laure"}]},{"@type":"WebSite","@id":"https:\/\/kinemarie.be\/fr\/#website","url":"https:\/\/kinemarie.be\/fr\/","name":"KineMarie - Fran\u00e7ais","description":"Kin\u00e9sith\u00e9rapie respiratoire","publisher":{"@id":"https:\/\/kinemarie.be\/fr\/#organization"},"potentialAction":[{"@type":"SearchAction","target":{"@type":"EntryPoint","urlTemplate":"https:\/\/kinemarie.be\/fr\/?s={search_term_string}"},"query-input":{"@type":"PropertyValueSpecification","valueRequired":true,"valueName":"search_term_string"}}],"inLanguage":"fr-FR"},{"@type":"Organization","@id":"https:\/\/kinemarie.be\/fr\/#organization","name":"KineMarie - Fran\u00e7ais","url":"https:\/\/kinemarie.be\/fr\/","logo":{"@type":"ImageObject","inLanguage":"fr-FR","@id":"https:\/\/kinemarie.be\/fr\/#\/schema\/logo\/image\/","url":"https:\/\/kinemarie.be\/fr\/wp-content\/uploads\/sites\/4\/2022\/03\/Kinemarie-banner.png","contentUrl":"https:\/\/kinemarie.be\/fr\/wp-content\/uploads\/sites\/4\/2022\/03\/Kinemarie-banner.png","width":1129,"height":468,"caption":"KineMarie - Fran\u00e7ais"},"image":{"@id":"https:\/\/kinemarie.be\/fr\/#\/schema\/logo\/image\/"}}]}},"_links":{"self":[{"href":"https:\/\/kinemarie.be\/fr\/wp-json\/wp\/v2\/pages\/70","targetHints":{"allow":["GET"]}}],"collection":[{"href":"https:\/\/kinemarie.be\/fr\/wp-json\/wp\/v2\/pages"}],"about":[{"href":"https:\/\/kinemarie.be\/fr\/wp-json\/wp\/v2\/types\/page"}],"author":[{"embeddable":true,"href":"https:\/\/kinemarie.be\/fr\/wp-json\/wp\/v2\/users\/1"}],"replies":[{"embeddable":true,"href":"https:\/\/kinemarie.be\/fr\/wp-json\/wp\/v2\/comments?post=70"}],"version-history":[{"count":13,"href":"https:\/\/kinemarie.be\/fr\/wp-json\/wp\/v2\/pages\/70\/revisions"}],"predecessor-version":[{"id":254,"href":"https:\/\/kinemarie.be\/fr\/wp-json\/wp\/v2\/pages\/70\/revisions\/254"}],"wp:attachment":[{"href":"https:\/\/kinemarie.be\/fr\/wp-json\/wp\/v2\/media?parent=70"}],"curies":[{"name":"wp","href":"https:\/\/api.w.org\/{rel}","templated":true}]}}