{"id":56,"date":"2022-03-28T14:07:27","date_gmt":"2022-03-28T12:07:27","guid":{"rendered":"https:\/\/kinemarie.be\/fr\/?page_id=56"},"modified":"2022-09-22T21:31:01","modified_gmt":"2022-09-22T19:31:01","slug":"kinesitherapie-respiratoire","status":"publish","type":"page","link":"https:\/\/kinemarie.be\/fr\/kinesitherapie-respiratoire\/","title":{"rendered":"Kin\u00e9sith\u00e9rapie respiratoire"},"content":{"rendered":"\t\t<div data-elementor-type=\"wp-page\" data-elementor-id=\"56\" class=\"elementor elementor-56\">\n\t\t\t\t\t\t<section class=\"elementor-section elementor-top-section elementor-element elementor-element-edd1d51 elementor-section-boxed elementor-section-height-default elementor-section-height-default\" data-id=\"edd1d51\" data-element_type=\"section\" data-e-type=\"section\" data-settings=\"{&quot;background_background&quot;:&quot;classic&quot;}\">\n\t\t\t\t\t\t<div class=\"elementor-container elementor-column-gap-default\">\n\t\t\t\t\t<div class=\"elementor-column elementor-col-100 elementor-top-column elementor-element elementor-element-3f0180f\" data-id=\"3f0180f\" data-element_type=\"column\" data-e-type=\"column\">\n\t\t\t<div class=\"elementor-widget-wrap elementor-element-populated\">\n\t\t\t\t\t\t<div class=\"elementor-element elementor-element-8a2e16b elementor-widget elementor-widget-heading\" data-id=\"8a2e16b\" data-element_type=\"widget\" data-e-type=\"widget\" data-widget_type=\"heading.default\">\n\t\t\t\t<div class=\"elementor-widget-container\">\n\t\t\t\t\t<h2 class=\"elementor-heading-title elementor-size-default\">Kin\u00e9sith\u00e9rapie respiratoire<\/h2>\t\t\t\t<\/div>\n\t\t\t\t<\/div>\n\t\t\t\t<div class=\"elementor-element elementor-element-a8e75e3 elementor-widget elementor-widget-text-editor\" data-id=\"a8e75e3\" data-element_type=\"widget\" data-e-type=\"widget\" data-widget_type=\"text-editor.default\">\n\t\t\t\t<div class=\"elementor-widget-container\">\n\t\t\t\t\t\t\t\t\t<p><strong>Qu\u2019est-ce que la kin\u00e9sith\u00e9rapie respiratoire?<\/strong><\/p><p>Le cabinet est sp\u00e9cialis\u00e9 en kin\u00e9sith\u00e9rapie respiratoire.<\/p><p>La kin\u00e9sith\u00e9rapie respiratoire est une sp\u00e9cialisation dans le domaine de la kin\u00e9sith\u00e9rapie qui peut-\u00eatre utilis\u00e9e chez des nourrissons, enfants et adultes. Pour cela les techniques de drainage autog\u00e8ne (assist\u00e9) seront combin\u00e9es si n\u00e9cessaire avec des supports afin d\u2019optimaliser le traitement. Sous le terme \u2018supports\u2019 sont repris: les percussions (IPV), les techniques de PEP, les techniques PEP oscillatoires,\u2026 qui seront choisis en concertation avec le patient et\/ou les parents du patient. Le patient et\/ou les parents seront tenus au courant des techniques utilis\u00e9es pendant les s\u00e9ances.<\/p><p>Durant le traitement les glaires pourront \u00eatre drain\u00e9 et evacu\u00e9 et la ventilation des poumons pourra \u00eatre am\u00e9lior\u00e9e. Les techniques utilis\u00e9es dans le cabinet donnent de meilleurs r\u00e9sultats que les techniques de tapotages.<\/p><p>Les parents des patients auront aussi la possibilit\u00e9 d\u2019\u00eatre inform\u00e9s et seront form\u00e9s au rin\u00e7age correct du nez de leur enfant, ainsi que la fa\u00e7on correcte d\u2019administrer un a\u00e9rosol.<\/p>\t\t\t\t\t\t\t\t<\/div>\n\t\t\t\t<\/div>\n\t\t\t\t\t<\/div>\n\t\t<\/div>\n\t\t\t\t\t<\/div>\n\t\t<\/section>\n\t\t\t\t<\/div>\n\t\t","protected":false},"excerpt":{"rendered":"<p>\/*! elementor &#8211; v3.7.7 &#8211; 20-09-2022 *\/ .elementor-heading-title{padding:0;margin:0;line-height:1}.elementor-widget-heading .elementor-heading-title[class*=elementor-size-]&gt;a{color:inherit;font-size:inherit;line-height:inherit}.elementor-widget-heading .elementor-heading-title.elementor-size-small{font-size:15px}.elementor-widget-heading .elementor-heading-title.elementor-size-medium{font-size:19px}.elementor-widget-heading .elementor-heading-title.elementor-size-large{font-size:29px}.elementor-widget-heading .elementor-heading-title.elementor-size-xl{font-size:39px}.elementor-widget-heading .elementor-heading-title.elementor-size-xxl{font-size:59px} Kin\u00e9sith\u00e9rapie respiratoire Qu\u2019est-ce que la kin\u00e9sith\u00e9rapie respiratoire? Le cabinet est sp\u00e9cialis\u00e9 en kin\u00e9sith\u00e9rapie respiratoire. La kin\u00e9sith\u00e9rapie respiratoire est une sp\u00e9cialisation dans le domaine de la kin\u00e9sith\u00e9rapie qui peut-\u00eatre utilis\u00e9e chez des nourrissons, enfants et adultes. Pour cela les techniques de drainage [&hellip;]<\/p>\n","protected":false},"author":1,"featured_media":0,"parent":0,"menu_order":0,"comment_status":"closed","ping_status":"closed","template":"elementor_header_footer","meta":{"footnotes":""},"class_list":["post-56","page","type-page","status-publish","hentry"],"yoast_head":"<!-- This site is optimized with the Yoast SEO plugin v26.0 - https:\/\/yoast.com\/wordpress\/plugins\/seo\/ -->\n<title>Kin\u00e9sith\u00e9rapie respiratoire - KineMarie - Fran\u00e7ais<\/title>\n<meta name=\"robots\" content=\"index, follow, max-snippet:-1, max-image-preview:large, max-video-preview:-1\" \/>\n<link rel=\"canonical\" href=\"https:\/\/kinemarie.be\/fr\/kinesitherapie-respiratoire\/\" \/>\n<meta property=\"og:locale\" content=\"fr_FR\" \/>\n<meta property=\"og:type\" content=\"article\" \/>\n<meta property=\"og:title\" content=\"Kin\u00e9sith\u00e9rapie respiratoire - KineMarie - Fran\u00e7ais\" \/>\n<meta property=\"og:description\" content=\"\/*! elementor &#8211; v3.7.7 &#8211; 20-09-2022 *\/ .elementor-heading-title{padding:0;margin:0;line-height:1}.elementor-widget-heading .elementor-heading-title[class*=elementor-size-]&gt;a{color:inherit;font-size:inherit;line-height:inherit}.elementor-widget-heading .elementor-heading-title.elementor-size-small{font-size:15px}.elementor-widget-heading .elementor-heading-title.elementor-size-medium{font-size:19px}.elementor-widget-heading .elementor-heading-title.elementor-size-large{font-size:29px}.elementor-widget-heading .elementor-heading-title.elementor-size-xl{font-size:39px}.elementor-widget-heading .elementor-heading-title.elementor-size-xxl{font-size:59px} Kin\u00e9sith\u00e9rapie respiratoire Qu\u2019est-ce que la kin\u00e9sith\u00e9rapie respiratoire? Le cabinet est sp\u00e9cialis\u00e9 en kin\u00e9sith\u00e9rapie respiratoire. La kin\u00e9sith\u00e9rapie respiratoire est une sp\u00e9cialisation dans le domaine de la kin\u00e9sith\u00e9rapie qui peut-\u00eatre utilis\u00e9e chez des nourrissons, enfants et adultes. Pour cela les techniques de drainage [&hellip;]\" \/>\n<meta property=\"og:url\" content=\"https:\/\/kinemarie.be\/fr\/kinesitherapie-respiratoire\/\" \/>\n<meta property=\"og:site_name\" content=\"KineMarie - Fran\u00e7ais\" \/>\n<meta property=\"article:modified_time\" content=\"2022-09-22T19:31:01+00:00\" \/>\n<meta name=\"twitter:card\" content=\"summary_large_image\" \/>\n<meta name=\"twitter:label1\" content=\"Dur\u00e9e de lecture estim\u00e9e\" \/>\n\t<meta name=\"twitter:data1\" content=\"1 minute\" \/>\n<script type=\"application\/ld+json\" class=\"yoast-schema-graph\">{\"@context\":\"https:\/\/schema.org\",\"@graph\":[{\"@type\":\"WebPage\",\"@id\":\"https:\/\/kinemarie.be\/fr\/kinesitherapie-respiratoire\/\",\"url\":\"https:\/\/kinemarie.be\/fr\/kinesitherapie-respiratoire\/\",\"name\":\"Kin\u00e9sith\u00e9rapie respiratoire - KineMarie - Fran\u00e7ais\",\"isPartOf\":{\"@id\":\"https:\/\/kinemarie.be\/fr\/#website\"},\"datePublished\":\"2022-03-28T12:07:27+00:00\",\"dateModified\":\"2022-09-22T19:31:01+00:00\",\"breadcrumb\":{\"@id\":\"https:\/\/kinemarie.be\/fr\/kinesitherapie-respiratoire\/#breadcrumb\"},\"inLanguage\":\"fr-FR\",\"potentialAction\":[{\"@type\":\"ReadAction\",\"target\":[\"https:\/\/kinemarie.be\/fr\/kinesitherapie-respiratoire\/\"]}]},{\"@type\":\"BreadcrumbList\",\"@id\":\"https:\/\/kinemarie.be\/fr\/kinesitherapie-respiratoire\/#breadcrumb\",\"itemListElement\":[{\"@type\":\"ListItem\",\"position\":1,\"name\":\"Accueil\",\"item\":\"https:\/\/kinemarie.be\/fr\/\"},{\"@type\":\"ListItem\",\"position\":2,\"name\":\"Kin\u00e9sith\u00e9rapie respiratoire\"}]},{\"@type\":\"WebSite\",\"@id\":\"https:\/\/kinemarie.be\/fr\/#website\",\"url\":\"https:\/\/kinemarie.be\/fr\/\",\"name\":\"KineMarie - Fran\u00e7ais\",\"description\":\"Kin\u00e9sith\u00e9rapie respiratoire\",\"publisher\":{\"@id\":\"https:\/\/kinemarie.be\/fr\/#organization\"},\"potentialAction\":[{\"@type\":\"SearchAction\",\"target\":{\"@type\":\"EntryPoint\",\"urlTemplate\":\"https:\/\/kinemarie.be\/fr\/?s={search_term_string}\"},\"query-input\":{\"@type\":\"PropertyValueSpecification\",\"valueRequired\":true,\"valueName\":\"search_term_string\"}}],\"inLanguage\":\"fr-FR\"},{\"@type\":\"Organization\",\"@id\":\"https:\/\/kinemarie.be\/fr\/#organization\",\"name\":\"KineMarie - Fran\u00e7ais\",\"url\":\"https:\/\/kinemarie.be\/fr\/\",\"logo\":{\"@type\":\"ImageObject\",\"inLanguage\":\"fr-FR\",\"@id\":\"https:\/\/kinemarie.be\/fr\/#\/schema\/logo\/image\/\",\"url\":\"https:\/\/kinemarie.be\/fr\/wp-content\/uploads\/sites\/4\/2022\/03\/Kinemarie-banner.png\",\"contentUrl\":\"https:\/\/kinemarie.be\/fr\/wp-content\/uploads\/sites\/4\/2022\/03\/Kinemarie-banner.png\",\"width\":1129,\"height\":468,\"caption\":\"KineMarie - Fran\u00e7ais\"},\"image\":{\"@id\":\"https:\/\/kinemarie.be\/fr\/#\/schema\/logo\/image\/\"}}]}<\/script>\n<!-- \/ Yoast SEO plugin. -->","yoast_head_json":{"title":"Kin\u00e9sith\u00e9rapie respiratoire - KineMarie - Fran\u00e7ais","robots":{"index":"index","follow":"follow","max-snippet":"max-snippet:-1","max-image-preview":"max-image-preview:large","max-video-preview":"max-video-preview:-1"},"canonical":"https:\/\/kinemarie.be\/fr\/kinesitherapie-respiratoire\/","og_locale":"fr_FR","og_type":"article","og_title":"Kin\u00e9sith\u00e9rapie respiratoire - KineMarie - Fran\u00e7ais","og_description":"\/*! elementor &#8211; v3.7.7 &#8211; 20-09-2022 *\/ .elementor-heading-title{padding:0;margin:0;line-height:1}.elementor-widget-heading .elementor-heading-title[class*=elementor-size-]&gt;a{color:inherit;font-size:inherit;line-height:inherit}.elementor-widget-heading .elementor-heading-title.elementor-size-small{font-size:15px}.elementor-widget-heading .elementor-heading-title.elementor-size-medium{font-size:19px}.elementor-widget-heading .elementor-heading-title.elementor-size-large{font-size:29px}.elementor-widget-heading .elementor-heading-title.elementor-size-xl{font-size:39px}.elementor-widget-heading .elementor-heading-title.elementor-size-xxl{font-size:59px} Kin\u00e9sith\u00e9rapie respiratoire Qu\u2019est-ce que la kin\u00e9sith\u00e9rapie respiratoire? Le cabinet est sp\u00e9cialis\u00e9 en kin\u00e9sith\u00e9rapie respiratoire. La kin\u00e9sith\u00e9rapie respiratoire est une sp\u00e9cialisation dans le domaine de la kin\u00e9sith\u00e9rapie qui peut-\u00eatre utilis\u00e9e chez des nourrissons, enfants et adultes. Pour cela les techniques de drainage [&hellip;]","og_url":"https:\/\/kinemarie.be\/fr\/kinesitherapie-respiratoire\/","og_site_name":"KineMarie - Fran\u00e7ais","article_modified_time":"2022-09-22T19:31:01+00:00","twitter_card":"summary_large_image","twitter_misc":{"Dur\u00e9e de lecture estim\u00e9e":"1 minute"},"schema":{"@context":"https:\/\/schema.org","@graph":[{"@type":"WebPage","@id":"https:\/\/kinemarie.be\/fr\/kinesitherapie-respiratoire\/","url":"https:\/\/kinemarie.be\/fr\/kinesitherapie-respiratoire\/","name":"Kin\u00e9sith\u00e9rapie respiratoire - KineMarie - Fran\u00e7ais","isPartOf":{"@id":"https:\/\/kinemarie.be\/fr\/#website"},"datePublished":"2022-03-28T12:07:27+00:00","dateModified":"2022-09-22T19:31:01+00:00","breadcrumb":{"@id":"https:\/\/kinemarie.be\/fr\/kinesitherapie-respiratoire\/#breadcrumb"},"inLanguage":"fr-FR","potentialAction":[{"@type":"ReadAction","target":["https:\/\/kinemarie.be\/fr\/kinesitherapie-respiratoire\/"]}]},{"@type":"BreadcrumbList","@id":"https:\/\/kinemarie.be\/fr\/kinesitherapie-respiratoire\/#breadcrumb","itemListElement":[{"@type":"ListItem","position":1,"name":"Accueil","item":"https:\/\/kinemarie.be\/fr\/"},{"@type":"ListItem","position":2,"name":"Kin\u00e9sith\u00e9rapie respiratoire"}]},{"@type":"WebSite","@id":"https:\/\/kinemarie.be\/fr\/#website","url":"https:\/\/kinemarie.be\/fr\/","name":"KineMarie - Fran\u00e7ais","description":"Kin\u00e9sith\u00e9rapie respiratoire","publisher":{"@id":"https:\/\/kinemarie.be\/fr\/#organization"},"potentialAction":[{"@type":"SearchAction","target":{"@type":"EntryPoint","urlTemplate":"https:\/\/kinemarie.be\/fr\/?s={search_term_string}"},"query-input":{"@type":"PropertyValueSpecification","valueRequired":true,"valueName":"search_term_string"}}],"inLanguage":"fr-FR"},{"@type":"Organization","@id":"https:\/\/kinemarie.be\/fr\/#organization","name":"KineMarie - Fran\u00e7ais","url":"https:\/\/kinemarie.be\/fr\/","logo":{"@type":"ImageObject","inLanguage":"fr-FR","@id":"https:\/\/kinemarie.be\/fr\/#\/schema\/logo\/image\/","url":"https:\/\/kinemarie.be\/fr\/wp-content\/uploads\/sites\/4\/2022\/03\/Kinemarie-banner.png","contentUrl":"https:\/\/kinemarie.be\/fr\/wp-content\/uploads\/sites\/4\/2022\/03\/Kinemarie-banner.png","width":1129,"height":468,"caption":"KineMarie - Fran\u00e7ais"},"image":{"@id":"https:\/\/kinemarie.be\/fr\/#\/schema\/logo\/image\/"}}]}},"_links":{"self":[{"href":"https:\/\/kinemarie.be\/fr\/wp-json\/wp\/v2\/pages\/56","targetHints":{"allow":["GET"]}}],"collection":[{"href":"https:\/\/kinemarie.be\/fr\/wp-json\/wp\/v2\/pages"}],"about":[{"href":"https:\/\/kinemarie.be\/fr\/wp-json\/wp\/v2\/types\/page"}],"author":[{"embeddable":true,"href":"https:\/\/kinemarie.be\/fr\/wp-json\/wp\/v2\/users\/1"}],"replies":[{"embeddable":true,"href":"https:\/\/kinemarie.be\/fr\/wp-json\/wp\/v2\/comments?post=56"}],"version-history":[{"count":7,"href":"https:\/\/kinemarie.be\/fr\/wp-json\/wp\/v2\/pages\/56\/revisions"}],"predecessor-version":[{"id":150,"href":"https:\/\/kinemarie.be\/fr\/wp-json\/wp\/v2\/pages\/56\/revisions\/150"}],"wp:attachment":[{"href":"https:\/\/kinemarie.be\/fr\/wp-json\/wp\/v2\/media?parent=56"}],"curies":[{"name":"wp","href":"https:\/\/api.w.org\/{rel}","templated":true}]}}